{"id":871,"date":"2023-05-03T17:20:45","date_gmt":"2023-05-03T17:20:45","guid":{"rendered":"http:\/\/localhost:8000\/?page_id=871"},"modified":"2023-07-28T15:57:03","modified_gmt":"2023-07-28T15:57:03","slug":"proyectos","status":"publish","type":"page","link":"https:\/\/gitce.utp.ac.pa\/?page_id=871","title":{"rendered":"Proyectos"},"content":{"rendered":"\n<div class=\"wp-block-uagb-advanced-heading uagb-block-6d537f9c\"><h2 class=\"uagb-heading-text\">Lineas de Investigaci\u00f3n<\/h2><\/div>\n\n\n\n<div class=\"wp-block-uagb-container uagb-block-fff25372 alignfull uagb-is-root-container\"><div class=\"uagb-container-inner-blocks-wrap\">\n<div class=\"wp-block-uagb-advanced-heading uagb-block-94e9b279\"><h2 class=\"uagb-heading-text\">Ingenier\u00eda de Software<\/h2><p class=\"uagb-desc-text\">Se basa en el estudio de la Calidad de Software, ingenieria de Software, Alamacenes de Datos y Robotica Educativa.<\/p><\/div>\n\n\n\n<div class=\"wp-block-uagb-container uagb-block-2b3d8fb7 alignfull uagb-is-root-container\"><div class=\"uagb-container-inner-blocks-wrap\">\n<div class=\"wp-block-uagb-container uagb-block-5e61e2d8\">\n\t\t\t<div class=\"wp-block-uagb-post-grid uagb-post-grid  uagb-post__image-position-top uagb-post__image-enabled uagb-block-be84ed50     uagb-post__items uagb-post__columns-3 is-grid uagb-post__columns-tablet-2 uagb-post__columns-mobile-1 uagb-post__equal-height\" data-total=\"1\" style=\"\">\n\n\t\t\t\t\t\t\t\t\t\t\t\t<article class=\"uagb-post__inner-wrap\">\t\t\t\t\t\t\t\t<div class='uagb-post__image'>\n\t\t\t\t\t\t\t\t\t<a href=\"https:\/\/gitce.utp.ac.pa\/?p=876\" target=\"_self\" rel=\"bookmark noopener noreferrer\" class='uagb-image-ratio-2-3'><img loading=\"lazy\" decoding=\"async\" width=\"1024\" height=\"751\" src=\"https:\/\/gitce.utp.ac.pa\/wp-content\/uploads\/2021\/12\/ingenieria-de-software-1024x751.png\" class=\"attachment-large size-large\" alt=\"\" srcset=\"https:\/\/gitce.utp.ac.pa\/wp-content\/uploads\/2021\/12\/ingenieria-de-software-1024x751.png 1024w, https:\/\/gitce.utp.ac.pa\/wp-content\/uploads\/2021\/12\/ingenieria-de-software-300x220.png 300w, https:\/\/gitce.utp.ac.pa\/wp-content\/uploads\/2021\/12\/ingenieria-de-software-768x563.png 768w, https:\/\/gitce.utp.ac.pa\/wp-content\/uploads\/2021\/12\/ingenieria-de-software-1536x1127.png 1536w, https:\/\/gitce.utp.ac.pa\/wp-content\/uploads\/2021\/12\/ingenieria-de-software-2048x1502.png 2048w\" sizes=\"auto, (max-width: 1024px) 100vw, 1024px\" \/>\t\t\t\t\t<\/a>\n\t\t\t\t\t\t\t<\/div>\n\t\t\t\t\t\t<h4 class=\"uagb-post__title uagb-post__text\">\n\t\t\t\t<a href=\"https:\/\/gitce.utp.ac.pa\/?p=876\" target=\"_self\" rel=\"bookmark noopener noreferrer\">COHESAL<\/a>\n\t\t\t<\/h4>\n\t\t\t\t\t\t<div class='uagb-post__text uagb-post-grid-byline'>\n\t\t\t\t\t\t\t\t<time datetime=\"2021-12-01T17:48:04+00:00\" class=\"uagb-post__date\">\n\t\t\t\t<span class=\"dashicons-calendar dashicons\"><\/span>\t\t\t\t\tdiciembre 1, 2021\t\t\t\t<\/time>\n\t\t\t\t\t\t<\/div>\n\t\t\t\t\t\t\t<div class='uagb-post__text uagb-post__excerpt'>\n\t\t\t\t\tEl desarrollo de este proyecto inici\u00f3 formalmente en agosto de 2014, con la participaci\u00f3n en&#8230;\t\t\t\t<\/div>\n\t\t\t\t\t\t<div class=\"uagb-post__text uagb-post__cta wp-block-button\">\n\t\t\t\t<a class=\"wp-block-button__link uagb-text-link\" href=\"https:\/\/gitce.utp.ac.pa\/?p=876\" target=\"_self\" rel=\"bookmark noopener noreferrer\">Leer m\u00e1s<\/a>\n\t\t\t<\/div>\n\t\t\t\t\t\t\t\t\t\t\t\t<\/article>\n\t\t\t\t\t\t\t\t\t\t\t\t\t\t\t\t<article class=\"uagb-post__inner-wrap\">\t\t\t\t\t\t\t\t<div class='uagb-post__image'>\n\t\t\t\t\t\t\t\t\t<a href=\"https:\/\/gitce.utp.ac.pa\/?p=805\" target=\"_self\" rel=\"bookmark noopener noreferrer\" class='uagb-image-ratio-2-3'><img loading=\"lazy\" decoding=\"async\" width=\"600\" height=\"400\" src=\"https:\/\/gitce.utp.ac.pa\/wp-content\/uploads\/2019\/12\/beebot.jpeg\" class=\"attachment-large size-large\" alt=\"\" srcset=\"https:\/\/gitce.utp.ac.pa\/wp-content\/uploads\/2019\/12\/beebot.jpeg 600w, https:\/\/gitce.utp.ac.pa\/wp-content\/uploads\/2019\/12\/beebot-300x200.jpeg 300w\" sizes=\"auto, (max-width: 600px) 100vw, 600px\" \/>\t\t\t\t\t<\/a>\n\t\t\t\t\t\t\t<\/div>\n\t\t\t\t\t\t<h4 class=\"uagb-post__title uagb-post__text\">\n\t\t\t\t<a href=\"https:\/\/gitce.utp.ac.pa\/?p=805\" target=\"_self\" rel=\"bookmark noopener noreferrer\">BEEBOT<\/a>\n\t\t\t<\/h4>\n\t\t\t\t\t\t<div class='uagb-post__text uagb-post-grid-byline'>\n\t\t\t\t\t\t\t\t<time datetime=\"2019-12-05T20:45:01+00:00\" class=\"uagb-post__date\">\n\t\t\t\t<span class=\"dashicons-calendar dashicons\"><\/span>\t\t\t\t\tdiciembre 5, 2019\t\t\t\t<\/time>\n\t\t\t\t\t\t<\/div>\n\t\t\t\t\t\t\t<div class='uagb-post__text uagb-post__excerpt'>\n\t\t\t\t\tA trav\u00e9s de la aplicaci\u00f3n de juegos y din\u00e1micas educativas, investigadores de GITCE de la&#8230;\t\t\t\t<\/div>\n\t\t\t\t\t\t<div class=\"uagb-post__text uagb-post__cta wp-block-button\">\n\t\t\t\t<a class=\"wp-block-button__link uagb-text-link\" href=\"https:\/\/gitce.utp.ac.pa\/?p=805\" target=\"_self\" rel=\"bookmark noopener noreferrer\">Leer m\u00e1s<\/a>\n\t\t\t<\/div>\n\t\t\t\t\t\t\t\t\t\t\t\t<\/article>\n\t\t\t\t\t\t\t\t\t\t\t\t\t\t\t\t<article class=\"uagb-post__inner-wrap\">\t\t\t\t\t\t\t\t<div class='uagb-post__image'>\n\t\t\t\t\t\t\t\t\t<a href=\"https:\/\/gitce.utp.ac.pa\/?p=906\" target=\"_self\" rel=\"bookmark noopener noreferrer\" class='uagb-image-ratio-2-3'><img loading=\"lazy\" decoding=\"async\" width=\"1024\" height=\"751\" src=\"https:\/\/gitce.utp.ac.pa\/wp-content\/uploads\/2018\/02\/ingenieria-de-software-1024x751.png\" class=\"attachment-large size-large\" alt=\"\" srcset=\"https:\/\/gitce.utp.ac.pa\/wp-content\/uploads\/2018\/02\/ingenieria-de-software-1024x751.png 1024w, https:\/\/gitce.utp.ac.pa\/wp-content\/uploads\/2018\/02\/ingenieria-de-software-300x220.png 300w, https:\/\/gitce.utp.ac.pa\/wp-content\/uploads\/2018\/02\/ingenieria-de-software-768x563.png 768w, https:\/\/gitce.utp.ac.pa\/wp-content\/uploads\/2018\/02\/ingenieria-de-software-1536x1127.png 1536w, https:\/\/gitce.utp.ac.pa\/wp-content\/uploads\/2018\/02\/ingenieria-de-software-2048x1502.png 2048w\" sizes=\"auto, (max-width: 1024px) 100vw, 1024px\" \/>\t\t\t\t\t<\/a>\n\t\t\t\t\t\t\t<\/div>\n\t\t\t\t\t\t<h4 class=\"uagb-post__title uagb-post__text\">\n\t\t\t\t<a href=\"https:\/\/gitce.utp.ac.pa\/?p=906\" target=\"_self\" rel=\"bookmark noopener noreferrer\">Dise\u00f1o de un prototipo de medici\u00f3n de postura<\/a>\n\t\t\t<\/h4>\n\t\t\t\t\t\t<div class='uagb-post__text uagb-post-grid-byline'>\n\t\t\t\t\t\t\t\t<time datetime=\"2018-02-15T18:38:01+00:00\" class=\"uagb-post__date\">\n\t\t\t\t<span class=\"dashicons-calendar dashicons\"><\/span>\t\t\t\t\tfebrero 15, 2018\t\t\t\t<\/time>\n\t\t\t\t\t\t<\/div>\n\t\t\t\t\t\t\t<div class='uagb-post__text uagb-post__excerpt'>\n\t\t\t\t\t\t\t\t\t<\/div>\n\t\t\t\t\t\t<div class=\"uagb-post__text uagb-post__cta wp-block-button\">\n\t\t\t\t<a class=\"wp-block-button__link uagb-text-link\" href=\"https:\/\/gitce.utp.ac.pa\/?p=906\" target=\"_self\" rel=\"bookmark noopener noreferrer\">Leer m\u00e1s<\/a>\n\t\t\t<\/div>\n\t\t\t\t\t\t\t\t\t\t\t\t<\/article>\n\t\t\t\t\t\t\t\t\t\t\t<\/div>\n\t\t\t<\/div>\n<\/div><\/div>\n<\/div><\/div>\n\n\n\n<div class=\"wp-block-uagb-container uagb-block-db533dcf alignfull uagb-is-root-container\"><div class=\"uagb-container-inner-blocks-wrap\">\n<div class=\"wp-block-uagb-advanced-heading uagb-block-3fdb1d02\"><h2 class=\"uagb-heading-text\">Computaci\u00f3n Ubica<\/h2><p class=\"uagb-desc-text\">Enfocado en los temas de Inteligencia Ambiental, Computaci\u00f3n Ubicua, Ambientes Asistenciales, e-Health.<\/p><\/div>\n\n\n\n<div class=\"wp-block-uagb-container uagb-block-80ee3386 alignfull uagb-is-root-container\"><div class=\"uagb-container-inner-blocks-wrap\">\n<div class=\"wp-block-uagb-container uagb-block-d5b9b2f6 alignfull uagb-is-root-container\"><div class=\"uagb-container-inner-blocks-wrap\">\n<div class=\"wp-block-uagb-container uagb-block-820d3eae\">\n\t\t\t<div class=\"wp-block-uagb-post-grid uagb-post-grid  uagb-post__image-position-top uagb-post__image-enabled uagb-block-0fd9303c     uagb-post__items uagb-post__columns-3 is-grid uagb-post__columns-tablet-2 uagb-post__columns-mobile-1 uagb-post__equal-height\" data-total=\"1\" style=\"\">\n\n\t\t\t\t\t\t\t\t\t\t\t\t<article class=\"uagb-post__inner-wrap\">\t\t\t\t\t\t\t\t<div class='uagb-post__image'>\n\t\t\t\t\t\t\t\t\t<a href=\"https:\/\/gitce.utp.ac.pa\/?p=2944\" target=\"_self\" rel=\"bookmark noopener noreferrer\" class='uagb-image-ratio-2-3'><img loading=\"lazy\" decoding=\"async\" width=\"380\" height=\"250\" src=\"https:\/\/gitce.utp.ac.pa\/wp-content\/uploads\/2023\/02\/computacion-ubica-1.png\" class=\"attachment-large size-large\" alt=\"\" srcset=\"https:\/\/gitce.utp.ac.pa\/wp-content\/uploads\/2023\/02\/computacion-ubica-1.png 380w, https:\/\/gitce.utp.ac.pa\/wp-content\/uploads\/2023\/02\/computacion-ubica-1-300x197.png 300w\" sizes=\"auto, (max-width: 380px) 100vw, 380px\" \/>\t\t\t\t\t<\/a>\n\t\t\t\t\t\t\t<\/div>\n\t\t\t\t\t\t<h4 class=\"uagb-post__title uagb-post__text\">\n\t\t\t\t<a href=\"https:\/\/gitce.utp.ac.pa\/?p=2944\" target=\"_self\" rel=\"bookmark noopener noreferrer\">Ecosistema digital y ubicuo de soluciones basadas en tecnolog\u00eda m\u00f3vil para facilitar la gesti\u00f3n de datos en entornos prioritarios del pa\u00eds<\/a>\n\t\t\t<\/h4>\n\t\t\t\t\t\t<div class='uagb-post__text uagb-post-grid-byline'>\n\t\t\t\t\t\t\t\t<time datetime=\"2023-02-24T14:22:00+00:00\" class=\"uagb-post__date\">\n\t\t\t\t<span class=\"dashicons-calendar dashicons\"><\/span>\t\t\t\t\tfebrero 24, 2023\t\t\t\t<\/time>\n\t\t\t\t\t\t<\/div>\n\t\t\t\t\t\t\t<div class='uagb-post__text uagb-post__excerpt'>\n\t\t\t\t\tEsta propuesta se centra en ejes prioritarios del pa\u00eds, haciendo \u00e9nfasis en los objetivos de&#8230;\t\t\t\t<\/div>\n\t\t\t\t\t\t<div class=\"uagb-post__text uagb-post__cta wp-block-button\">\n\t\t\t\t<a class=\"wp-block-button__link uagb-text-link\" href=\"https:\/\/gitce.utp.ac.pa\/?p=2944\" target=\"_self\" rel=\"bookmark noopener noreferrer\">Leer m\u00e1s<\/a>\n\t\t\t<\/div>\n\t\t\t\t\t\t\t\t\t\t\t\t<\/article>\n\t\t\t\t\t\t\t\t\t\t\t\t\t\t\t\t<article class=\"uagb-post__inner-wrap\">\t\t\t\t\t\t\t\t<div class='uagb-post__image'>\n\t\t\t\t\t\t\t\t\t<a href=\"https:\/\/gitce.utp.ac.pa\/?p=3049\" target=\"_self\" rel=\"bookmark noopener noreferrer\" class='uagb-image-ratio-2-3'><img loading=\"lazy\" decoding=\"async\" width=\"380\" height=\"250\" src=\"https:\/\/gitce.utp.ac.pa\/wp-content\/uploads\/2022\/06\/dopdivi-logo-categoria.png\" class=\"attachment-large size-large\" alt=\"\" srcset=\"https:\/\/gitce.utp.ac.pa\/wp-content\/uploads\/2022\/06\/dopdivi-logo-categoria.png 380w, https:\/\/gitce.utp.ac.pa\/wp-content\/uploads\/2022\/06\/dopdivi-logo-categoria-300x197.png 300w\" sizes=\"auto, (max-width: 380px) 100vw, 380px\" \/>\t\t\t\t\t<\/a>\n\t\t\t\t\t\t\t<\/div>\n\t\t\t\t\t\t<h4 class=\"uagb-post__title uagb-post__text\">\n\t\t\t\t<a href=\"https:\/\/gitce.utp.ac.pa\/?p=3049\" target=\"_self\" rel=\"bookmark noopener noreferrer\">Detector de Obst\u00e1culos para Personas con Discapacidad Visual DOPDIVI<\/a>\n\t\t\t<\/h4>\n\t\t\t\t\t\t<div class='uagb-post__text uagb-post-grid-byline'>\n\t\t\t\t\t\t\t\t<time datetime=\"2022-06-30T14:50:00+00:00\" class=\"uagb-post__date\">\n\t\t\t\t<span class=\"dashicons-calendar dashicons\"><\/span>\t\t\t\t\tjunio 30, 2022\t\t\t\t<\/time>\n\t\t\t\t\t\t<\/div>\n\t\t\t\t\t\t\t<div class='uagb-post__text uagb-post__excerpt'>\n\t\t\t\t\tLa visi\u00f3n representa un papel central en la autonom\u00eda y desenvolvimiento de cualquier persona, las&#8230;\t\t\t\t<\/div>\n\t\t\t\t\t\t<div class=\"uagb-post__text uagb-post__cta wp-block-button\">\n\t\t\t\t<a class=\"wp-block-button__link uagb-text-link\" href=\"https:\/\/gitce.utp.ac.pa\/?p=3049\" target=\"_self\" rel=\"bookmark noopener noreferrer\">Leer m\u00e1s<\/a>\n\t\t\t<\/div>\n\t\t\t\t\t\t\t\t\t\t\t\t<\/article>\n\t\t\t\t\t\t\t\t\t\t\t\t\t\t\t\t<article class=\"uagb-post__inner-wrap\">\t\t\t\t\t\t\t\t<div class='uagb-post__image'>\n\t\t\t\t\t\t\t\t\t<a href=\"https:\/\/gitce.utp.ac.pa\/?p=912\" target=\"_self\" rel=\"bookmark noopener noreferrer\" class='uagb-image-ratio-2-3'><img loading=\"lazy\" decoding=\"async\" width=\"380\" height=\"250\" src=\"https:\/\/gitce.utp.ac.pa\/wp-content\/uploads\/2018\/10\/amihealth-categoria.png\" class=\"attachment-large size-large\" alt=\"\" srcset=\"https:\/\/gitce.utp.ac.pa\/wp-content\/uploads\/2018\/10\/amihealth-categoria.png 380w, https:\/\/gitce.utp.ac.pa\/wp-content\/uploads\/2018\/10\/amihealth-categoria-300x197.png 300w\" sizes=\"auto, (max-width: 380px) 100vw, 380px\" \/>\t\t\t\t\t<\/a>\n\t\t\t\t\t\t\t<\/div>\n\t\t\t\t\t\t<h4 class=\"uagb-post__title uagb-post__text\">\n\t\t\t\t<a href=\"https:\/\/gitce.utp.ac.pa\/?p=912\" target=\"_self\" rel=\"bookmark noopener noreferrer\">AMIHEALTH<\/a>\n\t\t\t<\/h4>\n\t\t\t\t\t\t<div class='uagb-post__text uagb-post-grid-byline'>\n\t\t\t\t\t\t\t\t<time datetime=\"2018-10-30T18:45:23+00:00\" class=\"uagb-post__date\">\n\t\t\t\t<span class=\"dashicons-calendar dashicons\"><\/span>\t\t\t\t\toctubre 30, 2018\t\t\t\t<\/time>\n\t\t\t\t\t\t<\/div>\n\t\t\t\t\t\t\t<div class='uagb-post__text uagb-post__excerpt'>\n\t\t\t\t\tUna soluci\u00f3n tecnol\u00f3gica que permite integrar actividades de control y seguimiento de enfermedades a trav\u00e9s&#8230;\t\t\t\t<\/div>\n\t\t\t\t\t\t<div class=\"uagb-post__text uagb-post__cta wp-block-button\">\n\t\t\t\t<a class=\"wp-block-button__link uagb-text-link\" href=\"https:\/\/gitce.utp.ac.pa\/?p=912\" target=\"_self\" rel=\"bookmark noopener noreferrer\">Leer m\u00e1s<\/a>\n\t\t\t<\/div>\n\t\t\t\t\t\t\t\t\t\t\t\t<\/article>\n\t\t\t\t\t\t\t\t\t\t\t<\/div>\n\t\t\t<\/div>\n<\/div><\/div>\n<\/div><\/div>\n<\/div><\/div>\n\n\n\n<div class=\"wp-block-uagb-container uagb-block-2cd1c093 alignfull uagb-is-root-container\"><div class=\"uagb-container-inner-blocks-wrap\">\n<div class=\"wp-block-uagb-advanced-heading uagb-block-279ccc07\"><h2 class=\"uagb-heading-text\">Inteligencia Artificial<\/h2><p class=\"uagb-desc-text\">La inteligencia artificial o IA (Artificial Intelligence, o AI en ingl\u00e9s) es la simulaci\u00f3n de procesos de inteligencia humana por parte de m\u00e1quinas, especialmente sistemas inform\u00e1ticos.<\/p><\/div>\n\n\n\n<div class=\"wp-block-uagb-container uagb-block-472184b1 alignfull uagb-is-root-container\"><div class=\"uagb-container-inner-blocks-wrap\">\n<div class=\"wp-block-uagb-container uagb-block-83ade3d4\">\n\t\t\t<div class=\"wp-block-uagb-post-grid uagb-post-grid  uagb-post__image-position-top uagb-post__image-enabled uagb-block-3b980cad     uagb-post__items uagb-post__columns-3 is-grid uagb-post__columns-tablet-2 uagb-post__columns-mobile-1 uagb-post__equal-height\" data-total=\"1\" style=\"\">\n\n\t\t\t\t\t\t\t\t\t\t\t\t<article class=\"uagb-post__inner-wrap\">\t\t\t\t\t\t\t\t<div class='uagb-post__image'>\n\t\t\t\t\t\t\t\t\t<a href=\"https:\/\/gitce.utp.ac.pa\/?p=935\" target=\"_self\" rel=\"bookmark noopener noreferrer\" class='uagb-image-ratio-2-3'><img loading=\"lazy\" decoding=\"async\" width=\"1024\" height=\"742\" src=\"https:\/\/gitce.utp.ac.pa\/wp-content\/uploads\/2021\/04\/epidempredict-1024x742.png\" class=\"attachment-large size-large\" alt=\"\" srcset=\"https:\/\/gitce.utp.ac.pa\/wp-content\/uploads\/2021\/04\/epidempredict-1024x742.png 1024w, https:\/\/gitce.utp.ac.pa\/wp-content\/uploads\/2021\/04\/epidempredict-300x218.png 300w, https:\/\/gitce.utp.ac.pa\/wp-content\/uploads\/2021\/04\/epidempredict-768x557.png 768w, https:\/\/gitce.utp.ac.pa\/wp-content\/uploads\/2021\/04\/epidempredict.png 1044w\" sizes=\"auto, (max-width: 1024px) 100vw, 1024px\" \/>\t\t\t\t\t<\/a>\n\t\t\t\t\t\t\t<\/div>\n\t\t\t\t\t\t<h4 class=\"uagb-post__title uagb-post__text\">\n\t\t\t\t<a href=\"https:\/\/gitce.utp.ac.pa\/?p=935\" target=\"_self\" rel=\"bookmark noopener noreferrer\">EPIDEMPREDICT FOR COVID-19<\/a>\n\t\t\t<\/h4>\n\t\t\t\t\t\t<div class='uagb-post__text uagb-post-grid-byline'>\n\t\t\t\t\t\t\t\t<time datetime=\"2021-04-01T19:11:59+00:00\" class=\"uagb-post__date\">\n\t\t\t\t<span class=\"dashicons-calendar dashicons\"><\/span>\t\t\t\t\tabril 1, 2021\t\t\t\t<\/time>\n\t\t\t\t\t\t<\/div>\n\t\t\t\t\t\t\t<div class='uagb-post__text uagb-post__excerpt'>\n\t\t\t\t\tPoner en marcha una plataforma inteligente adaptada a las necesidades de Panam\u00e1, sus dirigentes, responsables&#8230;\t\t\t\t<\/div>\n\t\t\t\t\t\t<div class=\"uagb-post__text uagb-post__cta wp-block-button\">\n\t\t\t\t<a class=\"wp-block-button__link uagb-text-link\" href=\"https:\/\/gitce.utp.ac.pa\/?p=935\" target=\"_self\" rel=\"bookmark noopener noreferrer\">Leer m\u00e1s<\/a>\n\t\t\t<\/div>\n\t\t\t\t\t\t\t\t\t\t\t\t<\/article>\n\t\t\t\t\t\t\t\t\t\t\t<\/div>\n\t\t\t<\/div>\n<\/div><\/div>\n<\/div><\/div>\n\n\n\n<div class=\"wp-block-uagb-container uagb-block-5b06ee86 alignfull uagb-is-root-container\"><div class=\"uagb-container-inner-blocks-wrap\">\n<div class=\"wp-block-uagb-advanced-heading uagb-block-4cb605de\"><h2 class=\"uagb-heading-text\">Realidad Aumentada<\/h2><p class=\"uagb-desc-text\">Realidad Aumentada es un recurso tecnol\u00f3gico que ofrece experiencias interactivas al usuario a partir de la combinaci\u00f3n entre la dimensi\u00f3n virtual y la f\u00edsica, con la utilizaci\u00f3n de dispositivos digitales.<\/p><\/div>\n\n\n\n<div class=\"wp-block-uagb-container uagb-block-3fba2f51\">\n\t\t\t<div class=\"wp-block-uagb-post-grid uagb-post-grid  uagb-post__image-position-top uagb-post__image-enabled uagb-block-2269d593     uagb-post__items uagb-post__columns-3 is-grid uagb-post__columns-tablet-2 uagb-post__columns-mobile-1 uagb-post__equal-height\" data-total=\"0\" style=\"\">\n\n\t\t\t\t\t\t\t\t\t<p class=\"uagb-post__no-posts\">\n\t\t\t\t\t\t\t\t\t\t\t<\/p>\n\t\t\t\t\t\t\t\t<\/div>\n\t\t\t<\/div>\n<\/div><\/div>\n\n\n\n<div class=\"wp-block-uagb-container uagb-block-dff57128 alignfull uagb-is-root-container\"><div class=\"uagb-container-inner-blocks-wrap\">\n<div class=\"wp-block-uagb-advanced-heading uagb-block-40a9b98d\"><h2 class=\"uagb-heading-text\">Industria 4.0<\/h2><p class=\"uagb-desc-text\">La industria 4.0, consiste en la digitalizaci\u00f3n de la industria y todos los servicios relacionados con la empresa.<\/p><\/div>\n\n\n\n<div class=\"wp-block-uagb-container uagb-block-e2ea95c1\">\n\t\t\t<div class=\"wp-block-uagb-post-grid uagb-post-grid  uagb-post__image-position-top uagb-post__image-enabled uagb-block-0a9e10e5     uagb-post__items uagb-post__columns-3 is-grid uagb-post__columns-tablet-2 uagb-post__columns-mobile-1 uagb-post__equal-height\" data-total=\"1\" style=\"\">\n\n\t\t\t\t\t\t\t\t\t\t\t\t<article class=\"uagb-post__inner-wrap\">\t\t\t\t\t\t\t\t<div class='uagb-post__image'>\n\t\t\t\t\t\t\t\t\t<a href=\"https:\/\/gitce.utp.ac.pa\/?p=3879\" target=\"_self\" rel=\"bookmark noopener noreferrer\" class='uagb-image-ratio-2-3'><img loading=\"lazy\" decoding=\"async\" width=\"680\" height=\"450\" src=\"https:\/\/gitce.utp.ac.pa\/wp-content\/uploads\/2023\/05\/industria4.0-1.png\" class=\"attachment-large size-large\" alt=\"\" srcset=\"https:\/\/gitce.utp.ac.pa\/wp-content\/uploads\/2023\/05\/industria4.0-1.png 680w, https:\/\/gitce.utp.ac.pa\/wp-content\/uploads\/2023\/05\/industria4.0-1-300x199.png 300w\" sizes=\"auto, (max-width: 680px) 100vw, 680px\" \/>\t\t\t\t\t<\/a>\n\t\t\t\t\t\t\t<\/div>\n\t\t\t\t\t\t<h4 class=\"uagb-post__title uagb-post__text\">\n\t\t\t\t<a href=\"https:\/\/gitce.utp.ac.pa\/?p=3879\" target=\"_self\" rel=\"bookmark noopener noreferrer\">Cerrando la brecha en educaci\u00f3n en ingenier\u00eda para personas con discapacidad<\/a>\n\t\t\t<\/h4>\n\t\t\t\t\t\t<div class='uagb-post__text uagb-post-grid-byline'>\n\t\t\t\t\t\t\t\t<time datetime=\"2023-05-01T15:14:00+00:00\" class=\"uagb-post__date\">\n\t\t\t\t<span class=\"dashicons-calendar dashicons\"><\/span>\t\t\t\t\tmayo 1, 2023\t\t\t\t<\/time>\n\t\t\t\t\t\t<\/div>\n\t\t\t\t\t\t\t<div class='uagb-post__text uagb-post__excerpt'>\n\t\t\t\t\tEste proyecto busca enfocarse en la poblaci\u00f3n paname\u00f1a que tiene discapacidad visual y\/o deficiencia motora&#8230;\t\t\t\t<\/div>\n\t\t\t\t\t\t<div class=\"uagb-post__text uagb-post__cta wp-block-button\">\n\t\t\t\t<a class=\"wp-block-button__link uagb-text-link\" href=\"https:\/\/gitce.utp.ac.pa\/?p=3879\" target=\"_self\" rel=\"bookmark noopener noreferrer\">Leer m\u00e1s<\/a>\n\t\t\t<\/div>\n\t\t\t\t\t\t\t\t\t\t\t\t<\/article>\n\t\t\t\t\t\t\t\t\t\t\t\t\t\t\t\t<article class=\"uagb-post__inner-wrap\">\t\t\t\t\t\t\t\t<div class='uagb-post__image'>\n\t\t\t\t\t\t\t\t\t<a href=\"https:\/\/gitce.utp.ac.pa\/?p=3894\" target=\"_self\" rel=\"bookmark noopener noreferrer\" class='uagb-image-ratio-2-3'><img loading=\"lazy\" decoding=\"async\" width=\"680\" height=\"450\" src=\"https:\/\/gitce.utp.ac.pa\/wp-content\/uploads\/2023\/01\/industria4.0-1-1.png\" class=\"attachment-large size-large\" alt=\"\" srcset=\"https:\/\/gitce.utp.ac.pa\/wp-content\/uploads\/2023\/01\/industria4.0-1-1.png 680w, https:\/\/gitce.utp.ac.pa\/wp-content\/uploads\/2023\/01\/industria4.0-1-1-300x199.png 300w\" sizes=\"auto, (max-width: 680px) 100vw, 680px\" \/>\t\t\t\t\t<\/a>\n\t\t\t\t\t\t\t<\/div>\n\t\t\t\t\t\t<h4 class=\"uagb-post__title uagb-post__text\">\n\t\t\t\t<a href=\"https:\/\/gitce.utp.ac.pa\/?p=3894\" target=\"_self\" rel=\"bookmark noopener noreferrer\">Capacitaci\u00f3n para empresas agroindustriales basado en el modelo de los 8 pilares para la gesti\u00f3n de tecnolog\u00edas para facilitar el proceso de integraci\u00f3n en las herramientas de la industria 4.0<\/a>\n\t\t\t<\/h4>\n\t\t\t\t\t\t<div class='uagb-post__text uagb-post-grid-byline'>\n\t\t\t\t\t\t\t\t<time datetime=\"2023-01-02T16:06:18+00:00\" class=\"uagb-post__date\">\n\t\t\t\t<span class=\"dashicons-calendar dashicons\"><\/span>\t\t\t\t\tenero 2, 2023\t\t\t\t<\/time>\n\t\t\t\t\t\t<\/div>\n\t\t\t\t\t\t\t<div class='uagb-post__text uagb-post__excerpt'>\n\t\t\t\t\t<p>Mediante la Capacitaci\u00f3n para empresas agroindustriales basado en el modelo de los 8 pilares para&#8230;\t\t\t\t<\/div>\n\t\t\t\t\t\t<div class=\"uagb-post__text uagb-post__cta wp-block-button\">\n\t\t\t\t<a class=\"wp-block-button__link uagb-text-link\" href=\"https:\/\/gitce.utp.ac.pa\/?p=3894\" target=\"_self\" rel=\"bookmark noopener noreferrer\">Leer m\u00e1s<\/a>\n\t\t\t<\/div>\n\t\t\t\t\t\t\t\t\t\t\t\t<\/article>\n\t\t\t\t\t\t\t\t\t\t\t<\/div>\n\t\t\t<\/div>\n<\/div><\/div>\n\n\n\n<p><\/p>\n\n\n\n<p><\/p>\n\n\n\n<p><\/p>\n","protected":false},"excerpt":{"rendered":"","protected":false},"author":1,"featured_media":0,"parent":0,"menu_order":0,"comment_status":"closed","ping_status":"closed","template":"","meta":{"_uag_custom_page_level_css":"","footnotes":""},"class_list":["post-871","page","type-page","status-publish","hentry"],"uagb_featured_image_src":{"full":false,"thumbnail":false,"medium":false,"medium_large":false,"large":false,"1536x1536":false,"2048x2048":false},"uagb_author_info":{"display_name":"gitce-admin","author_link":"https:\/\/gitce.utp.ac.pa\/?author=1"},"uagb_comment_info":0,"uagb_excerpt":null,"_links":{"self":[{"href":"https:\/\/gitce.utp.ac.pa\/index.php?rest_route=\/wp\/v2\/pages\/871","targetHints":{"allow":["GET"]}}],"collection":[{"href":"https:\/\/gitce.utp.ac.pa\/index.php?rest_route=\/wp\/v2\/pages"}],"about":[{"href":"https:\/\/gitce.utp.ac.pa\/index.php?rest_route=\/wp\/v2\/types\/page"}],"author":[{"embeddable":true,"href":"https:\/\/gitce.utp.ac.pa\/index.php?rest_route=\/wp\/v2\/users\/1"}],"replies":[{"embeddable":true,"href":"https:\/\/gitce.utp.ac.pa\/index.php?rest_route=%2Fwp%2Fv2%2Fcomments&post=871"}],"version-history":[{"count":106,"href":"https:\/\/gitce.utp.ac.pa\/index.php?rest_route=\/wp\/v2\/pages\/871\/revisions"}],"predecessor-version":[{"id":3893,"href":"https:\/\/gitce.utp.ac.pa\/index.php?rest_route=\/wp\/v2\/pages\/871\/revisions\/3893"}],"wp:attachment":[{"href":"https:\/\/gitce.utp.ac.pa\/index.php?rest_route=%2Fwp%2Fv2%2Fmedia&parent=871"}],"curies":[{"name":"wp","href":"https:\/\/api.w.org\/{rel}","templated":true}]}}