{"id":508,"date":"2023-04-28T01:56:30","date_gmt":"2023-04-28T01:56:30","guid":{"rendered":"http:\/\/localhost:8000\/?page_id=508"},"modified":"2023-09-25T22:26:32","modified_gmt":"2023-09-25T22:26:32","slug":"nosotros","status":"publish","type":"page","link":"https:\/\/gitce.utp.ac.pa\/?page_id=508","title":{"rendered":"Nosotros"},"content":{"rendered":"\n<div class=\"wp-block-uagb-container uagb-block-1269603e alignfull uagb-is-root-container\"><div class=\"uagb-container-inner-blocks-wrap\">\n<div class=\"wp-block-uagb-advanced-heading uagb-block-75563596\"><h2 class=\"uagb-heading-text\">Nosotros<\/h2><\/div>\n<\/div><\/div>\n\n\n\n<div class=\"wp-block-uagb-container uagb-block-a52a88a3 alignfull uagb-is-root-container\">\n<div class=\"wp-block-group has-zeever-third-color has-text-color is-layout-constrained wp-block-group-is-layout-constrained\">\n<h4 class=\"wp-block-heading has-text-align-left\" id=\"about-us\" style=\"font-style:normal;font-weight:700\">\u00bfQuienes somos?<\/h4>\n\n\n\n<p class=\"has-small-font-size\">Somos un grupo dedicado al desarrollo de soluciones en \u00e1reas de investigaci\u00f3n aplicada, asociada a problemas del entorno social.<\/p>\n\n\n\n<p class=\"has-small-font-size\">Involucrar a cada miembro en una l\u00ednea de investigaci\u00f3n. Involucrar a nuevos miembros ya sea en una l\u00ednea existente o la implementaci\u00f3n de nuevas l\u00edneas. Presentar avances de investigaciones en proceso de selecci\u00f3n, ejecuci\u00f3n y finalizaci\u00f3n anualmente a la Coordinaci\u00f3n de Investigaci\u00f3n del Centro. Involucrar estudiantes, ya sea nivel de pregrado, postgrado y doctorado en tesis dentro de las l\u00edneas de investigaci\u00f3n. Participar en congresos nacionales e internacionales a trav\u00e9s de la presentaci\u00f3n de posters, ponencia o alg\u00fan art\u00edculo de inter\u00e9s. Participar en convocatorias nacionales e internacionales para el desarrollo de nuevos proyectos de investigaci\u00f3n centradas en las l\u00edneas de investigaci\u00f3n que desarrolla el grupo. Formar nuevas redes tem\u00e1ticas por l\u00ednea de investigaci\u00f3n que fortalezcan la relaci\u00f3n del grupo con otros grupos de investigaci\u00f3n nacionales e internacionales.<\/p>\n<\/div>\n<\/div>\n\n\n\n<div class=\"wp-block-uagb-container uagb-block-eefb1deb alignfull uagb-is-root-container\"><div class=\"uagb-container-inner-blocks-wrap\">\n<figure class=\"wp-block-video\"><video height=\"480\" style=\"aspect-ratio: 848 \/ 480;\" width=\"848\" controls preload=\"none\" src=\"https:\/\/gitce.utp.ac.pa\/wp-content\/uploads\/2023\/09\/gitce.mp4\" playsinline><\/video><\/figure>\n<\/div><\/div>\n\n\n\n<div class=\"wp-block-uagb-container uagb-block-01082159 alignfull uagb-is-root-container\"><div class=\"uagb-container-inner-blocks-wrap\">\n<div class=\"wp-block-uagb-container uagb-block-34ac1ae3\">\n<div class=\"wp-block-uagb-advanced-heading uagb-block-63d41c9d\"><h2 class=\"uagb-heading-text\">Objetivo General<\/h2><\/div>\n\n\n\n<p class=\"has-text-align-left has-small-font-size\"><p class=\"has-text-align-justify has-small-font-size\">Promover, apoyar y divulgar la investigaci\u00f3n en las \u00e1reas de tecnolog\u00edas computacionales emergentes con el objetivo de contribuir al desarrollo de la ciencia y la tecnolog\u00eda de la Universidad Tecnol\u00f3gica de Panam\u00e1, tanto a nivel de pregrado como postgrado; estableciendo lazos de cooperaci\u00f3n institucional.<\/p><\/p>\n<\/div>\n\n\n\n<div class=\"wp-block-uagb-container uag-hide-mob uagb-block-4cdca4bf\">\n<figure class=\"wp-block-image size-large has-custom-border\" id=\"objetivo-general\"><img loading=\"lazy\" decoding=\"async\" width=\"1024\" height=\"683\" src=\"https:\/\/gitce.utp.ac.pa\/wp-content\/uploads\/2023\/04\/objGen-min-1024x683.jpeg\" alt=\"\" class=\"wp-image-514\" style=\"border-radius:5px\" srcset=\"https:\/\/gitce.utp.ac.pa\/wp-content\/uploads\/2023\/04\/objGen-min-1024x683.jpeg 1024w, https:\/\/gitce.utp.ac.pa\/wp-content\/uploads\/2023\/04\/objGen-min-300x200.jpeg 300w, https:\/\/gitce.utp.ac.pa\/wp-content\/uploads\/2023\/04\/objGen-min-768x512.jpeg 768w, https:\/\/gitce.utp.ac.pa\/wp-content\/uploads\/2023\/04\/objGen-min-1536x1024.jpeg 1536w, https:\/\/gitce.utp.ac.pa\/wp-content\/uploads\/2023\/04\/objGen-min-2048x1365.jpeg 2048w\" sizes=\"auto, (max-width: 1024px) 100vw, 1024px\" \/><\/figure>\n<\/div>\n<\/div><\/div>\n\n\n\n<div class=\"wp-block-uagb-container uagb-block-912d127e alignfull uagb-is-root-container\"><div class=\"uagb-container-inner-blocks-wrap\">\n<div class=\"wp-block-uagb-container uag-hide-mob uagb-block-1a544e06\">\n<figure class=\"wp-block-image size-large has-custom-border\" id=\"objetivo-especifico\"><img loading=\"lazy\" decoding=\"async\" width=\"1024\" height=\"683\" src=\"https:\/\/gitce.utp.ac.pa\/wp-content\/uploads\/2023\/04\/objEsp-min-1024x683.jpeg\" alt=\"\" class=\"wp-image-530\" style=\"border-radius:5px\" srcset=\"https:\/\/gitce.utp.ac.pa\/wp-content\/uploads\/2023\/04\/objEsp-min-1024x683.jpeg 1024w, https:\/\/gitce.utp.ac.pa\/wp-content\/uploads\/2023\/04\/objEsp-min-300x200.jpeg 300w, https:\/\/gitce.utp.ac.pa\/wp-content\/uploads\/2023\/04\/objEsp-min-768x512.jpeg 768w, https:\/\/gitce.utp.ac.pa\/wp-content\/uploads\/2023\/04\/objEsp-min-1536x1024.jpeg 1536w, https:\/\/gitce.utp.ac.pa\/wp-content\/uploads\/2023\/04\/objEsp-min-2048x1365.jpeg 2048w\" sizes=\"auto, (max-width: 1024px) 100vw, 1024px\" \/><\/figure>\n<\/div>\n\n\n\n<div class=\"wp-block-uagb-container uagb-block-146ba393\">\n<div class=\"wp-block-uagb-advanced-heading uagb-block-2025d284\"><h2 class=\"uagb-heading-text\">Objetivo Espec\u00edficos<\/h2><\/div>\n\n\n\n<p class=\"has-text-align-left has-small-font-size\"><p class=\"has-text-align-justify has-small-font-size\">Fomentar la investigaci\u00f3n en los alumnos de la Universidad Tecnol\u00f3gica de Panam\u00e1, Sede Regional de Chiriqu\u00ed. Organizar cursos, conferencias, seminarios o cualquier otra actividad que coadyuvar a los logros de los objetivos propuestos. Implementar convenios de Investigaci\u00f3n Desarrollo e Innovaci\u00f3n (I+D+I) con Instituciones y Empresas. Planificar, desarrollar e implementar proyectos de investigaci\u00f3n y\/o desarrollo con otras Universidades, centros de investigaci\u00f3n o Instituciones.<\/p><\/p>\n<\/div>\n<\/div><\/div>\n\n\n\n<div class=\"wp-block-uagb-container uagb-block-bb2b317e alignfull uagb-is-root-container\"><div class=\"uagb-container-inner-blocks-wrap\">\n<div class=\"wp-block-uagb-container uagb-block-4ad457cd\">\n<div class=\"wp-block-uagb-advanced-heading uagb-block-2e3da1e8\"><h2 class=\"uagb-heading-text\">Misi\u00f3n<\/h2><\/div>\n\n\n\n<p class=\"has-text-align-left has-small-font-size\"><p class=\"has-text-align-justify has-small-font-size\">Propiciar la investigaci\u00f3n con una cultura de trabajo en equipo para potenciar la generaci\u00f3n de conocimiento. Lograr una participaci\u00f3n proactiva directa.<\/p><\/p>\n<\/div>\n\n\n\n<div class=\"wp-block-uagb-container uag-hide-mob uagb-block-105d2ad0\">\n<figure class=\"wp-block-image size-large has-custom-border\" id=\"mision\"><img loading=\"lazy\" decoding=\"async\" width=\"1024\" height=\"683\" src=\"https:\/\/gitce.utp.ac.pa\/wp-content\/uploads\/2023\/04\/mis-min-1024x683.jpeg\" alt=\"\" class=\"wp-image-531\" style=\"border-radius:5px\" srcset=\"https:\/\/gitce.utp.ac.pa\/wp-content\/uploads\/2023\/04\/mis-min-1024x683.jpeg 1024w, https:\/\/gitce.utp.ac.pa\/wp-content\/uploads\/2023\/04\/mis-min-300x200.jpeg 300w, https:\/\/gitce.utp.ac.pa\/wp-content\/uploads\/2023\/04\/mis-min-768x512.jpeg 768w, https:\/\/gitce.utp.ac.pa\/wp-content\/uploads\/2023\/04\/mis-min-1536x1024.jpeg 1536w, https:\/\/gitce.utp.ac.pa\/wp-content\/uploads\/2023\/04\/mis-min-2048x1365.jpeg 2048w\" sizes=\"auto, (max-width: 1024px) 100vw, 1024px\" \/><\/figure>\n<\/div>\n<\/div><\/div>\n\n\n\n<div class=\"wp-block-uagb-container uagb-block-ac8bb830 alignfull uagb-is-root-container\"><div class=\"uagb-container-inner-blocks-wrap\">\n<div class=\"wp-block-uagb-container uag-hide-mob uagb-block-f06658bc\">\n<figure class=\"wp-block-image size-large has-custom-border\" id=\"vision\"><img loading=\"lazy\" decoding=\"async\" width=\"1024\" height=\"683\" src=\"https:\/\/gitce.utp.ac.pa\/wp-content\/uploads\/2023\/04\/metas-min-1024x683.jpeg\" alt=\"\" class=\"wp-image-533\" style=\"border-radius:5px\" srcset=\"https:\/\/gitce.utp.ac.pa\/wp-content\/uploads\/2023\/04\/metas-min-1024x683.jpeg 1024w, https:\/\/gitce.utp.ac.pa\/wp-content\/uploads\/2023\/04\/metas-min-300x200.jpeg 300w, https:\/\/gitce.utp.ac.pa\/wp-content\/uploads\/2023\/04\/metas-min-768x512.jpeg 768w, https:\/\/gitce.utp.ac.pa\/wp-content\/uploads\/2023\/04\/metas-min-1536x1024.jpeg 1536w, https:\/\/gitce.utp.ac.pa\/wp-content\/uploads\/2023\/04\/metas-min-2048x1365.jpeg 2048w\" sizes=\"auto, (max-width: 1024px) 100vw, 1024px\" \/><\/figure>\n<\/div>\n\n\n\n<div class=\"wp-block-uagb-container uagb-block-f6249fa7\">\n<div class=\"wp-block-uagb-advanced-heading uagb-block-37371062\"><h2 class=\"uagb-heading-text\">Visi\u00f3n<\/h2><\/div>\n\n\n\n<p class=\"has-text-align-left has-small-font-size\"><p class=\"has-text-align-justify has-small-font-size\">Desarrollar investigaciones aplicadas, utilizando tecnolog\u00edas de informaci\u00f3n y comunicaci\u00f3n emergentes para dar respuestas a problemas.<\/p><\/p>\n<\/div>\n<\/div><\/div>\n","protected":false},"excerpt":{"rendered":"","protected":false},"author":1,"featured_media":0,"parent":0,"menu_order":0,"comment_status":"closed","ping_status":"closed","template":"","meta":{"_uag_custom_page_level_css":"","footnotes":""},"class_list":["post-508","page","type-page","status-publish","hentry"],"uagb_featured_image_src":{"full":false,"thumbnail":false,"medium":false,"medium_large":false,"large":false,"1536x1536":false,"2048x2048":false},"uagb_author_info":{"display_name":"gitce-admin","author_link":"https:\/\/gitce.utp.ac.pa\/?author=1"},"uagb_comment_info":0,"uagb_excerpt":null,"_links":{"self":[{"href":"https:\/\/gitce.utp.ac.pa\/index.php?rest_route=\/wp\/v2\/pages\/508","targetHints":{"allow":["GET"]}}],"collection":[{"href":"https:\/\/gitce.utp.ac.pa\/index.php?rest_route=\/wp\/v2\/pages"}],"about":[{"href":"https:\/\/gitce.utp.ac.pa\/index.php?rest_route=\/wp\/v2\/types\/page"}],"author":[{"embeddable":true,"href":"https:\/\/gitce.utp.ac.pa\/index.php?rest_route=\/wp\/v2\/users\/1"}],"replies":[{"embeddable":true,"href":"https:\/\/gitce.utp.ac.pa\/index.php?rest_route=%2Fwp%2Fv2%2Fcomments&post=508"}],"version-history":[{"count":169,"href":"https:\/\/gitce.utp.ac.pa\/index.php?rest_route=\/wp\/v2\/pages\/508\/revisions"}],"predecessor-version":[{"id":3935,"href":"https:\/\/gitce.utp.ac.pa\/index.php?rest_route=\/wp\/v2\/pages\/508\/revisions\/3935"}],"wp:attachment":[{"href":"https:\/\/gitce.utp.ac.pa\/index.php?rest_route=%2Fwp%2Fv2%2Fmedia&parent=508"}],"curies":[{"name":"wp","href":"https:\/\/api.w.org\/{rel}","templated":true}]}}