{"id":1079,"date":"2023-05-04T14:31:01","date_gmt":"2023-05-04T14:31:01","guid":{"rendered":"http:\/\/localhost:8000\/?page_id=1079"},"modified":"2023-08-17T18:07:18","modified_gmt":"2023-08-17T18:07:18","slug":"noticias","status":"publish","type":"page","link":"https:\/\/gitce.utp.ac.pa\/?page_id=1079","title":{"rendered":"Noticias"},"content":{"rendered":"\n<div class=\"wp-block-uagb-container uagb-block-b2e93f72 alignfull uagb-is-root-container\"><div class=\"uagb-container-inner-blocks-wrap\">\n<div class=\"wp-block-uagb-advanced-heading uagb-block-1eb63934\"><h4 class=\"uagb-heading-text\">Divulgaci\u00f3n de proyectos<\/h4><\/div>\n\n\n\n\t\t\t<div class=\"wp-block-uagb-post-grid uagb-post-grid  uagb-post__image-position-top uagb-post__image-enabled uagb-block-8f5ead69     uagb-post__items uagb-post__columns-3 is-grid uagb-post__columns-tablet-2 uagb-post__columns-mobile-1 uagb-post__equal-height\" data-total=\"1\" style=\"\">\n\n\t\t\t\t\t\t\t\t\t\t\t\t<article class=\"uagb-post__inner-wrap\">\t\t\t\t\t\t\t\t<div class='uagb-post__image'>\n\t\t\t\t\t\t\t\t\t<a href=\"https:\/\/gitce.utp.ac.pa\/?p=3183\" target=\"_self\" rel=\"bookmark noopener noreferrer\" class='uagb-image-ratio-2-3'><img loading=\"lazy\" decoding=\"async\" width=\"616\" height=\"407\" src=\"https:\/\/gitce.utp.ac.pa\/wp-content\/uploads\/2023\/06\/imagen-noticia-3.jpeg\" class=\"attachment-full size-full\" alt=\"\" srcset=\"https:\/\/gitce.utp.ac.pa\/wp-content\/uploads\/2023\/06\/imagen-noticia-3.jpeg 616w, https:\/\/gitce.utp.ac.pa\/wp-content\/uploads\/2023\/06\/imagen-noticia-3-300x198.jpeg 300w\" sizes=\"auto, (max-width: 616px) 100vw, 616px\" \/>\t\t\t\t\t<\/a>\n\t\t\t\t\t\t\t<\/div>\n\t\t\t\t\t\t<h4 class=\"uagb-post__title uagb-post__text\">\n\t\t\t\t<a href=\"https:\/\/gitce.utp.ac.pa\/?p=3183\" target=\"_self\" rel=\"bookmark noopener noreferrer\">Jornada Internacional de Ingenier\u00eda Sostenible en el Centro Regional de Chiriqu\u00ed<\/a>\n\t\t\t<\/h4>\n\t\t\t\t\t\t<div class='uagb-post__text uagb-post-grid-byline'>\n\t\t\t\t\t\t\t\t<time datetime=\"2023-05-30T19:46:29+00:00\" class=\"uagb-post__date\">\n\t\t\t\t<span class=\"dashicons-calendar dashicons\"><\/span>\t\t\t\t\tmayo 30, 2023\t\t\t\t<\/time>\n\t\t\t\t\t\t<\/div>\n\t\t\t\t\t\t\t<div class='uagb-post__text uagb-post__excerpt'>\n\t\t\t\t\t<p>El Centro Regional de la Universidad Tecnol\u00f3gica de Panam\u00e1 (UTP) en Chiriqu\u00ed, fue sede de&#8230;\t\t\t\t<\/div>\n\t\t\t\t\t\t<div class=\"uagb-post__text uagb-post__cta wp-block-button\">\n\t\t\t\t<a class=\"wp-block-button__link uagb-text-link\" href=\"https:\/\/gitce.utp.ac.pa\/?p=3183\" target=\"_self\" rel=\"bookmark noopener noreferrer\">Leer m\u00e1s<\/a>\n\t\t\t<\/div>\n\t\t\t\t\t\t\t\t\t\t\t\t<\/article>\n\t\t\t\t\t\t\t\t\t\t\t\t\t\t\t\t<article class=\"uagb-post__inner-wrap\">\t\t\t\t\t\t\t\t<div class='uagb-post__image'>\n\t\t\t\t\t\t\t\t\t<a href=\"https:\/\/gitce.utp.ac.pa\/?p=3173\" target=\"_self\" rel=\"bookmark noopener noreferrer\" class='uagb-image-ratio-2-3'><img loading=\"lazy\" decoding=\"async\" width=\"416\" height=\"275\" src=\"https:\/\/gitce.utp.ac.pa\/wp-content\/uploads\/2023\/06\/imagen-noticia-2.jpeg\" class=\"attachment-full size-full\" alt=\"\" srcset=\"https:\/\/gitce.utp.ac.pa\/wp-content\/uploads\/2023\/06\/imagen-noticia-2.jpeg 416w, https:\/\/gitce.utp.ac.pa\/wp-content\/uploads\/2023\/06\/imagen-noticia-2-300x198.jpeg 300w\" sizes=\"auto, (max-width: 416px) 100vw, 416px\" \/>\t\t\t\t\t<\/a>\n\t\t\t\t\t\t\t<\/div>\n\t\t\t\t\t\t<h4 class=\"uagb-post__title uagb-post__text\">\n\t\t\t\t<a href=\"https:\/\/gitce.utp.ac.pa\/?p=3173\" target=\"_self\" rel=\"bookmark noopener noreferrer\">Clase espejo Inteligencia Artificial en la Ingenier\u00eda Sostenible<\/a>\n\t\t\t<\/h4>\n\t\t\t\t\t\t<div class='uagb-post__text uagb-post-grid-byline'>\n\t\t\t\t\t\t\t\t<time datetime=\"2023-05-05T19:36:03+00:00\" class=\"uagb-post__date\">\n\t\t\t\t<span class=\"dashicons-calendar dashicons\"><\/span>\t\t\t\t\tmayo 5, 2023\t\t\t\t<\/time>\n\t\t\t\t\t\t<\/div>\n\t\t\t\t\t\t\t<div class='uagb-post__text uagb-post__excerpt'>\n\t\t\t\t\t<p>El 17 y 19 de mayo de 2023 se llevaron a cabo sesiones de clase&#8230;\t\t\t\t<\/div>\n\t\t\t\t\t\t<div class=\"uagb-post__text uagb-post__cta wp-block-button\">\n\t\t\t\t<a class=\"wp-block-button__link uagb-text-link\" href=\"https:\/\/gitce.utp.ac.pa\/?p=3173\" target=\"_self\" rel=\"bookmark noopener noreferrer\">Leer m\u00e1s<\/a>\n\t\t\t<\/div>\n\t\t\t\t\t\t\t\t\t\t\t\t<\/article>\n\t\t\t\t\t\t\t\t\t\t\t\t\t\t\t\t<article class=\"uagb-post__inner-wrap\">\t\t\t\t\t\t\t\t<div class='uagb-post__image'>\n\t\t\t\t\t\t\t\t\t<a href=\"https:\/\/gitce.utp.ac.pa\/?p=3159\" target=\"_self\" rel=\"bookmark noopener noreferrer\" class='uagb-image-ratio-2-3'><img loading=\"lazy\" decoding=\"async\" width=\"416\" height=\"275\" src=\"https:\/\/gitce.utp.ac.pa\/wp-content\/uploads\/2023\/06\/imagen-noticia.jpeg\" class=\"attachment-full size-full\" alt=\"\" srcset=\"https:\/\/gitce.utp.ac.pa\/wp-content\/uploads\/2023\/06\/imagen-noticia.jpeg 416w, https:\/\/gitce.utp.ac.pa\/wp-content\/uploads\/2023\/06\/imagen-noticia-300x198.jpeg 300w\" sizes=\"auto, (max-width: 416px) 100vw, 416px\" \/>\t\t\t\t\t<\/a>\n\t\t\t\t\t\t\t<\/div>\n\t\t\t\t\t\t<h4 class=\"uagb-post__title uagb-post__text\">\n\t\t\t\t<a href=\"https:\/\/gitce.utp.ac.pa\/?p=3159\" target=\"_self\" rel=\"bookmark noopener noreferrer\">Estudiantes e investigadores del Centro Regional de Azuero participan en Congreso Internacional AmITIC<\/a>\n\t\t\t<\/h4>\n\t\t\t\t\t\t<div class='uagb-post__text uagb-post-grid-byline'>\n\t\t\t\t\t\t\t\t<time datetime=\"2022-10-03T19:24:00+00:00\" class=\"uagb-post__date\">\n\t\t\t\t<span class=\"dashicons-calendar dashicons\"><\/span>\t\t\t\t\toctubre 3, 2022\t\t\t\t<\/time>\n\t\t\t\t\t\t<\/div>\n\t\t\t\t\t\t\t<div class='uagb-post__text uagb-post__excerpt'>\n\t\t\t\t\t<p>La Universidad Tecnol\u00f3gica de Panam\u00e1 (UTP), el Grupo de Investigaci\u00f3n en Tecnolog\u00edas Computacionales Emergentes (GITCE-UTP),&#8230;\t\t\t\t<\/div>\n\t\t\t\t\t\t<div class=\"uagb-post__text uagb-post__cta wp-block-button\">\n\t\t\t\t<a class=\"wp-block-button__link uagb-text-link\" href=\"https:\/\/gitce.utp.ac.pa\/?p=3159\" target=\"_self\" rel=\"bookmark noopener noreferrer\">Leer m\u00e1s<\/a>\n\t\t\t<\/div>\n\t\t\t\t\t\t\t\t\t\t\t\t<\/article>\n\t\t\t\t\t\t\t\t\t\t\t\t\t\t\t\t<article class=\"uagb-post__inner-wrap\">\t\t\t\t\t\t\t\t<div class='uagb-post__image'>\n\t\t\t\t\t\t\t\t\t<a href=\"https:\/\/gitce.utp.ac.pa\/?p=3148\" target=\"_self\" rel=\"bookmark noopener noreferrer\" class='uagb-image-ratio-2-3'><img loading=\"lazy\" decoding=\"async\" width=\"416\" height=\"275\" src=\"https:\/\/gitce.utp.ac.pa\/wp-content\/uploads\/2022\/09\/imagen-noticia.png\" class=\"attachment-full size-full\" alt=\"\" srcset=\"https:\/\/gitce.utp.ac.pa\/wp-content\/uploads\/2022\/09\/imagen-noticia.png 416w, https:\/\/gitce.utp.ac.pa\/wp-content\/uploads\/2022\/09\/imagen-noticia-300x198.png 300w\" sizes=\"auto, (max-width: 416px) 100vw, 416px\" \/>\t\t\t\t\t<\/a>\n\t\t\t\t\t\t\t<\/div>\n\t\t\t\t\t\t<h4 class=\"uagb-post__title uagb-post__text\">\n\t\t\t\t<a href=\"https:\/\/gitce.utp.ac.pa\/?p=3148\" target=\"_self\" rel=\"bookmark noopener noreferrer\">V Congreso Internacional AmITIC 2022<\/a>\n\t\t\t<\/h4>\n\t\t\t\t\t\t<div class='uagb-post__text uagb-post-grid-byline'>\n\t\t\t\t\t\t\t\t<time datetime=\"2022-09-16T19:01:00+00:00\" class=\"uagb-post__date\">\n\t\t\t\t<span class=\"dashicons-calendar dashicons\"><\/span>\t\t\t\t\tseptiembre 16, 2022\t\t\t\t<\/time>\n\t\t\t\t\t\t<\/div>\n\t\t\t\t\t\t\t<div class='uagb-post__text uagb-post__excerpt'>\n\t\t\t\t\t<p>Permitir a estudiantes, docentes e investigadores relacionarse con expertos de diferentes \u00e1reas de las tecnolog\u00edas&#8230;\t\t\t\t<\/div>\n\t\t\t\t\t\t<div class=\"uagb-post__text uagb-post__cta wp-block-button\">\n\t\t\t\t<a class=\"wp-block-button__link uagb-text-link\" href=\"https:\/\/gitce.utp.ac.pa\/?p=3148\" target=\"_self\" rel=\"bookmark noopener noreferrer\">Leer m\u00e1s<\/a>\n\t\t\t<\/div>\n\t\t\t\t\t\t\t\t\t\t\t\t<\/article>\n\t\t\t\t\t\t\t\t\t\t\t\t\t\t\t\t<article class=\"uagb-post__inner-wrap\">\t\t\t\t\t\t\t\t<div class='uagb-post__image'>\n\t\t\t\t\t\t\t\t\t<a href=\"https:\/\/gitce.utp.ac.pa\/?p=1070\" target=\"_self\" rel=\"bookmark noopener noreferrer\" class='uagb-image-ratio-2-3'><img loading=\"lazy\" decoding=\"async\" width=\"823\" height=\"479\" src=\"https:\/\/gitce.utp.ac.pa\/wp-content\/uploads\/2021\/06\/n2.jpeg\" class=\"attachment-full size-full\" alt=\"\" srcset=\"https:\/\/gitce.utp.ac.pa\/wp-content\/uploads\/2021\/06\/n2.jpeg 823w, https:\/\/gitce.utp.ac.pa\/wp-content\/uploads\/2021\/06\/n2-300x175.jpeg 300w, https:\/\/gitce.utp.ac.pa\/wp-content\/uploads\/2021\/06\/n2-768x447.jpeg 768w\" sizes=\"auto, (max-width: 823px) 100vw, 823px\" \/>\t\t\t\t\t<\/a>\n\t\t\t\t\t\t\t<\/div>\n\t\t\t\t\t\t<h4 class=\"uagb-post__title uagb-post__text\">\n\t\t\t\t<a href=\"https:\/\/gitce.utp.ac.pa\/?p=1070\" target=\"_self\" rel=\"bookmark noopener noreferrer\">PANAM\u00c1 UTP presenta plataforma de medici\u00f3n del covid<\/a>\n\t\t\t<\/h4>\n\t\t\t\t\t\t<div class='uagb-post__text uagb-post-grid-byline'>\n\t\t\t\t\t\t\t\t<time datetime=\"2021-06-03T14:21:34+00:00\" class=\"uagb-post__date\">\n\t\t\t\t<span class=\"dashicons-calendar dashicons\"><\/span>\t\t\t\t\tjunio 3, 2021\t\t\t\t<\/time>\n\t\t\t\t\t\t<\/div>\n\t\t\t\t\t\t\t<div class='uagb-post__text uagb-post__excerpt'>\n\t\t\t\t\tLa Universidad Tecnol\u00f3gica de Panam\u00e1 (UTP), sede de Chiriqu\u00ed con el apoyo de la Senacyt,&#8230;\t\t\t\t<\/div>\n\t\t\t\t\t\t<div class=\"uagb-post__text uagb-post__cta wp-block-button\">\n\t\t\t\t<a class=\"wp-block-button__link uagb-text-link\" href=\"https:\/\/gitce.utp.ac.pa\/?p=1070\" target=\"_self\" rel=\"bookmark noopener noreferrer\">Leer m\u00e1s<\/a>\n\t\t\t<\/div>\n\t\t\t\t\t\t\t\t\t\t\t\t<\/article>\n\t\t\t\t\t\t\t\t\t\t\t\t\t\t\t\t<article class=\"uagb-post__inner-wrap\">\t\t\t\t\t\t\t\t<div class='uagb-post__image'>\n\t\t\t\t\t\t\t\t\t<a href=\"https:\/\/gitce.utp.ac.pa\/?p=1022\" target=\"_self\" rel=\"bookmark noopener noreferrer\" class='uagb-image-ratio-2-3'><img loading=\"lazy\" decoding=\"async\" width=\"823\" height=\"479\" src=\"https:\/\/gitce.utp.ac.pa\/wp-content\/uploads\/2019\/06\/n1.jpeg\" class=\"attachment-full size-full\" alt=\"\" srcset=\"https:\/\/gitce.utp.ac.pa\/wp-content\/uploads\/2019\/06\/n1.jpeg 823w, https:\/\/gitce.utp.ac.pa\/wp-content\/uploads\/2019\/06\/n1-300x175.jpeg 300w, https:\/\/gitce.utp.ac.pa\/wp-content\/uploads\/2019\/06\/n1-768x447.jpeg 768w\" sizes=\"auto, (max-width: 823px) 100vw, 823px\" \/>\t\t\t\t\t<\/a>\n\t\t\t\t\t\t\t<\/div>\n\t\t\t\t\t\t<h4 class=\"uagb-post__title uagb-post__text\">\n\t\t\t\t<a href=\"https:\/\/gitce.utp.ac.pa\/?p=1022\" target=\"_self\" rel=\"bookmark noopener noreferrer\">La UTP crea sistema de predicci\u00f3n del comportamiento de la pandemia en Panam\u00e1<\/a>\n\t\t\t<\/h4>\n\t\t\t\t\t\t<div class='uagb-post__text uagb-post-grid-byline'>\n\t\t\t\t\t\t\t\t<time datetime=\"2019-06-02T13:32:30+00:00\" class=\"uagb-post__date\">\n\t\t\t\t<span class=\"dashicons-calendar dashicons\"><\/span>\t\t\t\t\tjunio 2, 2019\t\t\t\t<\/time>\n\t\t\t\t\t\t<\/div>\n\t\t\t\t\t\t\t<div class='uagb-post__text uagb-post__excerpt'>\n\t\t\t\t\tLa Universidad Tecnol\u00f3gica de Panam\u00e1 (UTP) present\u00f3 el proyecto Epidempredict For Covid-19, el primer sistema&#8230;\t\t\t\t<\/div>\n\t\t\t\t\t\t<div class=\"uagb-post__text uagb-post__cta wp-block-button\">\n\t\t\t\t<a class=\"wp-block-button__link uagb-text-link\" href=\"https:\/\/gitce.utp.ac.pa\/?p=1022\" target=\"_self\" rel=\"bookmark noopener noreferrer\">Leer m\u00e1s<\/a>\n\t\t\t<\/div>\n\t\t\t\t\t\t\t\t\t\t\t\t<\/article>\n\t\t\t\t\t\t\t\t\t\t\t<\/div>\n\t\t\t<\/div><\/div>\n\n\n\n<div class=\"wp-block-uagb-container uagb-block-b27d7cb8 alignfull uagb-is-root-container\"><div class=\"uagb-container-inner-blocks-wrap\">\n<div class=\"wp-block-uagb-container uagb-block-68a98623 alignfull uagb-is-root-container\"><div class=\"uagb-container-inner-blocks-wrap\">\n<div class=\"wp-block-uagb-advanced-heading uagb-block-925c54dc\"><h2 class=\"uagb-heading-text\">M\u00e1s noticicias<\/h2><\/div>\n\n\n<div style=\"display: flex; align-items: center;\"><img decoding=\"async\" src=\"https:\/\/utp.ac.pa\/sites\/default\/files\/styles\/noticias_pagina_hv\/public\/foto_principal_12.jpeg?itok=UW6sbLk9\" style=\"width: 200px; height: auto;\"><div style=\"margin-left: 10px;\"><h3 style=\"color: black; font-size: 18px;\">UTP recibir\u00e1 m\u00e1s de 2 millones de d\u00f3lares para fortalecer sus centros de investigaci\u00f3n<\/h3><p style=\"color: black; font-size: 12px; margin-bottom: 0;\">    Fecha:     Vie, 09\/19\/2025  <\/p><p style=\"color: black; margin-bottom: 0;\"> Dos propuestas presentadas por investigadores de la Universidad Tecnol\u00f3gica de Panam\u00e1 (UTP), fueron seleccionadas en la Convocatoria P\u00fablica de Fortalecimiento de Centros de Investigaci\u00f3n Universitarios 2025 de la SENACYT, que impulsar\u00e1n la innovaci\u00f3n y desarrollo sostenible en...<\/p><p style=\"color: black;\">Leer m\u00e1s: <a href=\"https:\/\/utp.ac.pa\/\/utp-recibira-mas-de-2-millones-de-dolares-para-fortalecer-sus-centros-de-investigacion\" target=\"_blank\">https:\/\/utp.ac.pa\/\/utp-recibira-mas-de-2-millones-de-dolares-para-fortalecer-sus-centros-de-investigacion<\/a><\/p><\/div><\/div><br><div style=\"display: flex; align-items: center;\"><img decoding=\"async\" src=\"https:\/\/utp.ac.pa\/sites\/default\/files\/styles\/noticias_pagina_hv\/public\/img_9959_0.jpg?itok=lgjVHW4p\" style=\"width: 200px; height: auto;\"><div style=\"margin-left: 10px;\"><h3 style=\"color: black; font-size: 18px;\">Culmina con \u00e9xito el Proyecto de Inclusi\u00f3n Educativa en Ingenier\u00eda para Personas con Discapacidad en la UTP Chiriqu\u00ed<\/h3><p style=\"color: black; font-size: 12px; margin-bottom: 0;\">    Fecha:     Mi\u00e9, 10\/09\/2024  <\/p><p style=\"color: black; margin-bottom: 0;\"> El 4 de octubre\u00a0se realiz\u00f3 el acto de clausura del proyecto \u201cCerrando la brecha en educaci\u00f3n en ingenier\u00eda para personas con discapacidad\u201d, financiado por Engineering Projects in Community Service (EPICS in IEEE) y liderado por la Dra....<\/p><p style=\"color: black;\">Leer m\u00e1s: <a href=\"https:\/\/utp.ac.pa\/\/culmina-con-exito-el-proyecto-de-inclusion-educativa-en-ingenieria-para-personas-con-discapacidad-en\" target=\"_blank\">https:\/\/utp.ac.pa\/\/culmina-con-exito-el-proyecto-de-inclusion-educativa-en-ingenieria-para-personas-con-discapacidad-en<\/a><\/p><\/div><\/div><br><div style=\"display: flex; align-items: center;\"><img decoding=\"async\" src=\"https:\/\/utp.ac.pa\/sites\/default\/files\/styles\/noticias_pagina_hv\/public\/img_9670.jpg?itok=SOaeLvzN\" style=\"width: 200px; height: auto;\"><div style=\"margin-left: 10px;\"><h3 style=\"color: black; font-size: 18px;\">Culmina con \u00e9xito el VII Congreso Internacional AmITIC 2024 en Chiriqu\u00ed<\/h3><p style=\"color: black; font-size: 12px; margin-bottom: 0;\">    Fecha:     Mar, 10\/01\/2024  <\/p><p style=\"color: black; margin-bottom: 0;\"> Del 25 al 27 de septiembre se realiz\u00f3 el VII Congreso Internacional en Inteligencia Ambiental, Ingenier\u00eda de Software y Salud Electr\u00f3nica y M\u00f3vil - AmITIC 2024, organizado por el Grupo de Investigaci\u00f3n en Tecnolog\u00edas Computacionales Emergentes (GITCE)...<\/p><p style=\"color: black;\">Leer m\u00e1s: <a href=\"https:\/\/utp.ac.pa\/\/culmina-con-exito-el-vii-congreso-internacional-amitic-2024-en-chiriqui\" target=\"_blank\">https:\/\/utp.ac.pa\/\/culmina-con-exito-el-vii-congreso-internacional-amitic-2024-en-chiriqui<\/a><\/p><\/div><\/div><br><div style=\"display: flex; align-items: center;\"><img decoding=\"async\" src=\"https:\/\/utp.ac.pa\/sites\/default\/files\/styles\/noticias_pagina_hv\/public\/vladimirv1.jpg?itok=BH0oRrF6\" style=\"width: 200px; height: auto;\"><div style=\"margin-left: 10px;\"><h3 style=\"color: black; font-size: 18px;\">Investigador de la UTP participa en Jornada regional sobre la protecci\u00f3n de datos en el sector salud<\/h3><p style=\"color: black; font-size: 12px; margin-bottom: 0;\">    Fecha:     Mar, 07\/16\/2024  <\/p><p style=\"color: black; margin-bottom: 0;\"> El investigador de la Universidad Tecnol\u00f3gica de Panam\u00e1 (UTP), Dr. Vladimir Villarreal profesor y coordinador de Grupo de Investigaci\u00f3n en Tecnolog\u00edas Computacionales Emergente (GITCE), en el Centro de Chiriqu\u00ed particip\u00f3 de la \"Jornada de concienciaci\u00f3n regional sobre...<\/p><p style=\"color: black;\">Leer m\u00e1s: <a href=\"https:\/\/utp.ac.pa\/\/investigador-de-la-utp-participa-en-jornada-regional-sobre-la-proteccion-de-datos-en-el-sector-salud\" target=\"_blank\">https:\/\/utp.ac.pa\/\/investigador-de-la-utp-participa-en-jornada-regional-sobre-la-proteccion-de-datos-en-el-sector-salud<\/a><\/p><\/div><\/div><br><div style=\"display: flex; align-items: center;\"><img decoding=\"async\" src=\"https:\/\/utp.ac.pa\/sites\/default\/files\/styles\/noticias_pagina_hv\/public\/portada_110.jpg?itok=tY0HzQYB\" style=\"width: 200px; height: auto;\"><div style=\"margin-left: 10px;\"><h3 style=\"color: black; font-size: 18px;\">Panam\u00e1 ser\u00e1 sede del Congreso AmITIC 2024<\/h3><p style=\"color: black; font-size: 12px; margin-bottom: 0;\">    Fecha:     Mar, 03\/26\/2024  <\/p><p style=\"color: black; margin-bottom: 0;\"> El Centro Regional de Chiriqu\u00ed de la Universidad Tecnol\u00f3gica de Panam\u00e1 (UTP), en conjunto con el Centro de Estudios Multidisciplinarios en Ciencias, Ingenier\u00eda y Tecnolog\u00eda (CEMCIT AIP), se complacen en anunciar que Panam\u00e1 ser\u00e1 sede del VII...<\/p><p style=\"color: black;\">Leer m\u00e1s: <a href=\"https:\/\/utp.ac.pa\/\/panama-sera-sede-del-congreso-amitic-2024\" target=\"_blank\">https:\/\/utp.ac.pa\/\/panama-sera-sede-del-congreso-amitic-2024<\/a><\/p><\/div><\/div><br><div style=\"display: flex; align-items: center;\"><img decoding=\"async\" src=\"https:\/\/utp.ac.pa\/sites\/default\/files\/styles\/noticias_pagina_hv\/public\/9baa6af1-1e03-402a-8823-3ca8d07c7727.jpg?itok=iWfPsgQf\" style=\"width: 200px; height: auto;\"><div style=\"margin-left: 10px;\"><h3 style=\"color: black; font-size: 18px;\">GITCE-UTP celebra el AmITIC 2023 en colaboraci\u00f3n con la Universidad Cooperativa de Colombia en Cali<\/h3><p style=\"color: black; font-size: 12px; margin-bottom: 0;\">    Fecha:     Lun, 10\/30\/2023  <\/p><p style=\"color: black; margin-bottom: 0;\"> Este a\u00f1o el VI Congreso Internacional en Inteligencia Ambiental, Ingenier\u00eda de Software y Salud Electr\u00f3nica y M\u00f3vil (AmITIC 2023), se llev\u00f3 a cabo del 25 al 27 de octubre, en la Universidad Cooperativa de Colombia en Cali,...<\/p><p style=\"color: black;\">Leer m\u00e1s: <a href=\"https:\/\/utp.ac.pa\/\/gitce-utp-celebra-el-amitic-2023-en-colaboracion-con-la-universidad-cooperativa-de-colombia-en-cali\" target=\"_blank\">https:\/\/utp.ac.pa\/\/gitce-utp-celebra-el-amitic-2023-en-colaboracion-con-la-universidad-cooperativa-de-colombia-en-cali<\/a><\/p><\/div><\/div><br><div style=\"display: flex; align-items: center;\"><img decoding=\"async\" src=\"https:\/\/utp.ac.pa\/sites\/default\/files\/styles\/noticias_pagina_hv\/public\/img_4163_0.jpg?itok=XwPVo5fH\" style=\"width: 200px; height: auto;\"><div style=\"margin-left: 10px;\"><h3 style=\"color: black; font-size: 18px;\">Inauguraci\u00f3n de proyecto que beneficiar\u00e1 a personas con discapacidad en la UTP Chiriqu\u00ed<\/h3><p style=\"color: black; font-size: 12px; margin-bottom: 0;\">    Fecha:     Mar, 06\/06\/2023  <\/p><p style=\"color: black; margin-bottom: 0;\"> El 2 de junio se inaugur\u00f3 en el Centro Regional de la Universidad Tecnol\u00f3gica de Panam\u00e1 (UTP) en Chiriqu\u00ed, el proyecto \u201cCerrando la brecha en educaci\u00f3n en ingenier\u00eda para personas con discapacidad\u201d. <\/p><p style=\"color: black;\">Leer m\u00e1s: <a href=\"https:\/\/utp.ac.pa\/\/inauguracion-de-proyecto-que-beneficiara-personas-con-discapacidad-en-la-utp-chiriqui\" target=\"_blank\">https:\/\/utp.ac.pa\/\/inauguracion-de-proyecto-que-beneficiara-personas-con-discapacidad-en-la-utp-chiriqui<\/a><\/p><\/div><\/div><br><div style=\"display: flex; align-items: center;\"><img decoding=\"async\" src=\"https:\/\/utp.ac.pa\/sites\/default\/files\/styles\/noticias_pagina_hv\/public\/whatsapp_image_2023-05-25_at_4.14.34_pm.jpeg?itok=ohyIHtc3\" style=\"width: 200px; height: auto;\"><div style=\"margin-left: 10px;\"><h3 style=\"color: black; font-size: 18px;\">Jornada Internacional de Ingenier\u00eda Sostenible en el Centro Regional de Chiriqu\u00ed<\/h3><p style=\"color: black; font-size: 12px; margin-bottom: 0;\">    Fecha:     Vie, 05\/26\/2023  <\/p><p style=\"color: black; margin-bottom: 0;\"> El Centro Regional de la Universidad Tecnol\u00f3gica de Panam\u00e1 (UTP) en Chiriqu\u00ed, fue sede de una Jornada Internacional de Ingenier\u00eda Sostenible, organizada por el Grupo de Investigaci\u00f3n en Tecnolog\u00eda Computacionales Emergentes (GITCE) y la Universidad Cooperativa de...<\/p><p style=\"color: black;\">Leer m\u00e1s: <a href=\"https:\/\/utp.ac.pa\/\/jornada-internacional-de-ingenieria-sostenible-en-el-centro-regional-de-chiriqui\" target=\"_blank\">https:\/\/utp.ac.pa\/\/jornada-internacional-de-ingenieria-sostenible-en-el-centro-regional-de-chiriqui<\/a><\/p><\/div><\/div><br><div style=\"display: flex; align-items: center;\"><img decoding=\"async\" src=\"https:\/\/utp.ac.pa\/sites\/default\/files\/styles\/noticias_pagina_hv\/public\/imagen-principal_clase_espejo_ucc-utp_user1.jpg?itok=RUowMCB1\" style=\"width: 200px; height: auto;\"><div style=\"margin-left: 10px;\"><h3 style=\"color: black; font-size: 18px;\">Clase espejo Inteligencia Artificial en la Ingenier\u00eda Sostenible<\/h3><p style=\"color: black; font-size: 12px; margin-bottom: 0;\">    Fecha:     Mi\u00e9, 05\/17\/2023  <\/p><p style=\"color: black; margin-bottom: 0;\"> El 17 y 19 de mayo de 2023 se llevaron a cabo sesiones de clase espejo entre la Universidad Tecnol\u00f3gica de Panam\u00e1 (UTP), Centro Regional de Chiriqu\u00ed, y la Universidad Cooperativa de Colombia (UCC), sede Neiva e...<\/p><p style=\"color: black;\">Leer m\u00e1s: <a href=\"https:\/\/utp.ac.pa\/\/clase-espejo-inteligencia-artificial-en-la-ingenieria-sostenible\" target=\"_blank\">https:\/\/utp.ac.pa\/\/clase-espejo-inteligencia-artificial-en-la-ingenieria-sostenible<\/a><\/p><\/div><\/div><br><div style=\"display: flex; align-items: center;\"><img decoding=\"async\" src=\"https:\/\/utp.ac.pa\/sites\/default\/files\/styles\/noticias_pagina_hv\/public\/img_6814.jpg?itok=WeuPpP-1\" style=\"width: 200px; height: auto;\"><div style=\"margin-left: 10px;\"><h3 style=\"color: black; font-size: 18px;\">Estudiantes e investigadores del Centro Regional de Azuero participan en Congreso Internacional AmITIC<\/h3><p style=\"color: black; font-size: 12px; margin-bottom: 0;\">    Fecha:     Vie, 09\/16\/2022  <\/p><p style=\"color: black; margin-bottom: 0;\"> La Universidad Tecnol\u00f3gica de Panam\u00e1 (UTP), el Grupo de Investigaci\u00f3n en Tecnolog\u00edas Computacionales Emergentes (GITCE-UTP), el Sistema Nacional de Investigaci\u00f3n (SNI), la Universidad Hispanoamericana de Costa Rica, el Instituto Tecnol\u00f3gico de Costa Rica, la Electron Devices Society...<\/p><p style=\"color: black;\">Leer m\u00e1s: <a href=\"https:\/\/utp.ac.pa\/\/estudiantes-e-investigadores-del-centro-regional-de-azuero-participan-en-congreso-internacional\" target=\"_blank\">https:\/\/utp.ac.pa\/\/estudiantes-e-investigadores-del-centro-regional-de-azuero-participan-en-congreso-internacional<\/a><\/p><\/div><\/div><br>\n<\/div><\/div>\n<\/div><\/div>\n","protected":false},"excerpt":{"rendered":"","protected":false},"author":1,"featured_media":0,"parent":0,"menu_order":0,"comment_status":"closed","ping_status":"closed","template":"","meta":{"_uag_custom_page_level_css":"","footnotes":""},"class_list":["post-1079","page","type-page","status-publish","hentry"],"uagb_featured_image_src":{"full":false,"thumbnail":false,"medium":false,"medium_large":false,"large":false,"1536x1536":false,"2048x2048":false},"uagb_author_info":{"display_name":"gitce-admin","author_link":"https:\/\/gitce.utp.ac.pa\/?author=1"},"uagb_comment_info":0,"uagb_excerpt":null,"_links":{"self":[{"href":"https:\/\/gitce.utp.ac.pa\/index.php?rest_route=\/wp\/v2\/pages\/1079","targetHints":{"allow":["GET"]}}],"collection":[{"href":"https:\/\/gitce.utp.ac.pa\/index.php?rest_route=\/wp\/v2\/pages"}],"about":[{"href":"https:\/\/gitce.utp.ac.pa\/index.php?rest_route=\/wp\/v2\/types\/page"}],"author":[{"embeddable":true,"href":"https:\/\/gitce.utp.ac.pa\/index.php?rest_route=\/wp\/v2\/users\/1"}],"replies":[{"embeddable":true,"href":"https:\/\/gitce.utp.ac.pa\/index.php?rest_route=%2Fwp%2Fv2%2Fcomments&post=1079"}],"version-history":[{"count":35,"href":"https:\/\/gitce.utp.ac.pa\/index.php?rest_route=\/wp\/v2\/pages\/1079\/revisions"}],"predecessor-version":[{"id":3916,"href":"https:\/\/gitce.utp.ac.pa\/index.php?rest_route=\/wp\/v2\/pages\/1079\/revisions\/3916"}],"wp:attachment":[{"href":"https:\/\/gitce.utp.ac.pa\/index.php?rest_route=%2Fwp%2Fv2%2Fmedia&parent=1079"}],"curies":[{"name":"wp","href":"https:\/\/api.w.org\/{rel}","templated":true}]}}